{"id":10455,"date":"2024-10-10T09:45:21","date_gmt":"2024-10-10T12:45:21","guid":{"rendered":"https:\/\/plantpaisajismo.cl\/index.php\/portfolio\/"},"modified":"2025-07-03T13:40:05","modified_gmt":"2025-07-03T16:40:05","slug":"tips","status":"publish","type":"page","link":"https:\/\/plantpaisajismo.cl\/index.php\/tips\/","title":{"rendered":"Tips"},"content":{"rendered":"<section class=\"l-section wpb_row height_custom with_img\"><div class=\"l-section-img lazyload\" role=\"img\" data-img-width=\"8238\" data-img-height=\"3225\" style=\"background-image:inherit;background-repeat: no-repeat;\" data-bg-image=\"url(https:\/\/plantpaisajismo.cl\/wp-content\/uploads\/2024\/05\/fondo-servicios-plant-43.png)\"><\/div><div class=\"l-section-h i-cf\"><div class=\"g-cols vc_row via_flex valign_top type_default stacking_default\"><div class=\"vc_col-sm-12 wpb_column vc_column_container\"><div class=\"vc_column-inner\"><div class=\"wpb_wrapper\"><h1 class=\"w-text us_custom_f59f8963 has_text_color\"><span class=\"w-text-h\"><span class=\"w-text-value\">TIPS<\/span><\/span><\/h1><div class=\"w-separator size_medium\"><\/div><div class=\"w-grid type_grid layout_11156 cols_3 valign_center pagination_ajax\" id=\"us_grid_1\" style=\"--gap:1.5rem;\" data-filterable=\"true\"><style>@media (max-width:1024px){#us_grid_1 .w-grid-item{width:50%}}@media (max-width:600px){#us_grid_1 .w-grid-list{margin:0}#us_grid_1 .w-grid-item{width:100%;padding:0;margin-bottom:var(--gap,0px)}}.layout_11156 .w-grid-item-h{}.layout_11156 .usg_post_title_1{transition-duration:0.3s;transform-origin:50% 50%;transform:scale(1) translate(0%,0%)}.layout_11156 .w-grid-item-h:hover .usg_post_title_1{transform:scale(1) translate(0%,0%);opacity:1;color:#4c7c06!important}.layout_11156 .usg_vwrapper_1{width:386.66px!important;height:405.8px!important;border-radius:15px!important;background:#ffffff!important;box-shadow:0 0 8px 1px #040800!important}.layout_11156 .usg_post_title_1{color:#303640!important;text-align:left!important;font-size:25px!important;line-height:1.2!important;letter-spacing:1px!important;font-family:var(--font-family)!important;font-weight:600!important;text-transform:none!important;width:100%!important;height:157px!important;margin-left:20px!important;padding-left:20px!important;padding-top:20px!important;padding-right:20px!important}.layout_11156 .usg_post_content_1{text-align:justify!important;font-size:16px!important;line-height:1.2!important;font-family:Montserrat!important;font-weight:400!important;height:200px!important;padding-left:20px!important;padding-bottom:20px!important;padding-right:20px!important}.layout_11156 .usg_btn_1{text-align:right!important;margin-left:200px!important;margin-bottom:20px!important}@media (min-width:1025px) and (max-width:1680px){.layout_11156 .usg_vwrapper_1{width:386.66px!important;height:405.8px!important}.layout_11156 .usg_btn_1{margin-left:200px!important;margin-bottom:20px!important}}@media (min-width:601px) and (max-width:1024px){.layout_11156 .usg_vwrapper_1{width:100%!important;height:405.8px!important}.layout_11156 .usg_btn_1{margin-left:100px!important;margin-bottom:20px!important}}@media (max-width:600px){.layout_11156 .usg_vwrapper_1{width:100%!important;height:405.8px!important}.layout_11156 .usg_btn_1{margin-left:100px!important;margin-bottom:20px!important}}<\/style><div class=\"w-grid-list\">\t<article class=\"w-grid-item size_1x1 post-11612 post type-post status-publish format-standard has-post-thumbnail hentry category-santiago category-tips\" data-id=\"11612\">\r\n\t\t<div class=\"w-grid-item-h\">\r\n\t\t\t\t\t\t<div class=\"w-vwrapper usg_vwrapper_1 align_center valign_top\"><h1 class=\"w-post-elm post_title usg_post_title_1 has_text_color align_left entry-title color_link_inherit\"><a href=\"https:\/\/plantpaisajismo.cl\/index.php\/control-de-malezas-en-invierno-preparando-el-jardin-para-la-primavera\/\">Control de Malezas en Invierno: Preparando el Jard\u00edn para la Primavera<\/a><\/h1><div class=\"w-post-elm post_content usg_post_content_1\">Aunque muchas personas creen que el invierno es una temporada tranquila para el jard\u00edn, lo cierto es que el control de malezas sigue siendo una tarea fundamental dentro de la&hellip;<\/div><a class=\"w-btn us-btn-style_1 usg_btn_1\" href=\"https:\/\/plantpaisajismo.cl\/index.php\/control-de-malezas-en-invierno-preparando-el-jardin-para-la-primavera\/\"><span class=\"w-btn-label\">Leer m\u00e1s<\/span><\/a><\/div>\t\t<\/div>\r\n\t\t\t<\/article>\r\n\t<article class=\"w-grid-item size_1x1 post-11610 post type-post status-publish format-standard has-post-thumbnail hentry category-santiago category-tips\" data-id=\"11610\">\r\n\t\t<div class=\"w-grid-item-h\">\r\n\t\t\t\t\t\t<div class=\"w-vwrapper usg_vwrapper_1 align_center valign_top\"><h1 class=\"w-post-elm post_title usg_post_title_1 has_text_color align_left entry-title color_link_inherit\"><a href=\"https:\/\/plantpaisajismo.cl\/index.php\/poda-de-mantenimiento-en-invierno-clave-para-un-jardin-saludable\/\">Poda de Mantenimiento en Invierno: Clave para un Jard\u00edn Saludable<\/a><\/h1><div class=\"w-post-elm post_content usg_post_content_1\">El invierno es una de las mejores \u00e9pocas del a\u00f1o para realizar poda de mantenimiento, una pr\u00e1ctica esencial dentro de la mantenci\u00f3n de jardines. Durante esta temporada, muchas especies entran&hellip;<\/div><a class=\"w-btn us-btn-style_1 usg_btn_1\" href=\"https:\/\/plantpaisajismo.cl\/index.php\/poda-de-mantenimiento-en-invierno-clave-para-un-jardin-saludable\/\"><span class=\"w-btn-label\">Leer m\u00e1s<\/span><\/a><\/div>\t\t<\/div>\r\n\t\t\t<\/article>\r\n\t<article class=\"w-grid-item size_1x1 post-11608 post type-post status-publish format-standard has-post-thumbnail hentry category-santiago category-tips\" data-id=\"11608\">\r\n\t\t<div class=\"w-grid-item-h\">\r\n\t\t\t\t\t\t<div class=\"w-vwrapper usg_vwrapper_1 align_center valign_top\"><h1 class=\"w-post-elm post_title usg_post_title_1 has_text_color align_left entry-title color_link_inherit\"><a href=\"https:\/\/plantpaisajismo.cl\/index.php\/ubicacion-estrategica-de-las-plantas-en-invierno-luz-y-proteccion\/\">Ubicaci\u00f3n Estrat\u00e9gica de las Plantas en Invierno: Luz y Protecci\u00f3n<\/a><\/h1><div class=\"w-post-elm post_content usg_post_content_1\">Durante el invierno, la ubicaci\u00f3n estrat\u00e9gica de las plantas se convierte en una acci\u00f3n fundamental para mantener su vitalidad y asegurar un crecimiento saludable. En esta \u00e9poca del a\u00f1o, los&hellip;<\/div><a class=\"w-btn us-btn-style_1 usg_btn_1\" href=\"https:\/\/plantpaisajismo.cl\/index.php\/ubicacion-estrategica-de-las-plantas-en-invierno-luz-y-proteccion\/\"><span class=\"w-btn-label\">Leer m\u00e1s<\/span><\/a><\/div>\t\t<\/div>\r\n\t\t\t<\/article>\r\n\t<article class=\"w-grid-item size_1x1 post-11606 post type-post status-publish format-standard has-post-thumbnail hentry category-santiago category-tips\" data-id=\"11606\">\r\n\t\t<div class=\"w-grid-item-h\">\r\n\t\t\t\t\t\t<div class=\"w-vwrapper usg_vwrapper_1 align_center valign_top\"><h1 class=\"w-post-elm post_title usg_post_title_1 has_text_color align_left entry-title color_link_inherit\"><a href=\"https:\/\/plantpaisajismo.cl\/index.php\/proteccion-contra-heladas-clave-para-un-jardin-saludable-en-invierno\/\">Protecci\u00f3n contra Heladas: Clave para un Jard\u00edn Saludable en Invierno<\/a><\/h1><div class=\"w-post-elm post_content usg_post_content_1\">Las heladas son uno de los desaf\u00edos m\u00e1s importantes que enfrentan los jardines durante el invierno, especialmente en zonas como Santiago, Lampa o Colina, donde las temperaturas pueden descender considerablemente&hellip;<\/div><a class=\"w-btn us-btn-style_1 usg_btn_1\" href=\"https:\/\/plantpaisajismo.cl\/index.php\/proteccion-contra-heladas-clave-para-un-jardin-saludable-en-invierno\/\"><span class=\"w-btn-label\">Leer m\u00e1s<\/span><\/a><\/div>\t\t<\/div>\r\n\t\t\t<\/article>\r\n\t<article class=\"w-grid-item size_1x1 post-11602 post type-post status-publish format-standard has-post-thumbnail hentry category-santiago category-tips\" data-id=\"11602\">\r\n\t\t<div class=\"w-grid-item-h\">\r\n\t\t\t\t\t\t<div class=\"w-vwrapper usg_vwrapper_1 align_center valign_top\"><h1 class=\"w-post-elm post_title usg_post_title_1 has_text_color align_left entry-title color_link_inherit\"><a href=\"https:\/\/plantpaisajismo.cl\/index.php\/cuidados-de-plantas-en-invierno-ajuste-del-riego\/\">Cuidados de Plantas en Invierno: Ajuste del Riego<\/a><\/h1><div class=\"w-post-elm post_content usg_post_content_1\">Durante la temporada de invierno, es fundamental ajustar los cuidados que le damos a nuestro jard\u00edn. Uno de los aspectos m\u00e1s importantes es el riego, ya que las bajas temperaturas&hellip;<\/div><a class=\"w-btn us-btn-style_1 usg_btn_1\" href=\"https:\/\/plantpaisajismo.cl\/index.php\/cuidados-de-plantas-en-invierno-ajuste-del-riego\/\"><span class=\"w-btn-label\">Leer m\u00e1s<\/span><\/a><\/div>\t\t<\/div>\r\n\t\t\t<\/article>\r\n\t<article class=\"w-grid-item size_1x1 post-11287 post type-post status-publish format-standard has-post-thumbnail hentry category-tips\" data-id=\"11287\">\r\n\t\t<div class=\"w-grid-item-h\">\r\n\t\t\t\t\t\t<div class=\"w-vwrapper usg_vwrapper_1 align_center valign_top\"><h1 class=\"w-post-elm post_title usg_post_title_1 has_text_color align_left entry-title color_link_inherit\"><a href=\"https:\/\/plantpaisajismo.cl\/index.php\/paisajismo-en-providencia\/\">Paisajismo en Providencia<\/a><\/h1><div class=\"w-post-elm post_content usg_post_content_1\">\u00bfQu\u00e9 beneficios aporta un proyecto de paisajismo bien ejecutado a la valorizaci\u00f3n de una propiedad? Un proyecto de paisajismo bien ejecutado en Providencia puede ser un factor determinante en la&hellip;<\/div><a class=\"w-btn us-btn-style_1 usg_btn_1\" href=\"https:\/\/plantpaisajismo.cl\/index.php\/paisajismo-en-providencia\/\"><span class=\"w-btn-label\">Leer m\u00e1s<\/span><\/a><\/div>\t\t<\/div>\r\n\t\t\t<\/article>\r\n\t<article class=\"w-grid-item size_1x1 post-11285 post type-post status-publish format-standard has-post-thumbnail hentry category-tips\" data-id=\"11285\">\r\n\t\t<div class=\"w-grid-item-h\">\r\n\t\t\t\t\t\t<div class=\"w-vwrapper usg_vwrapper_1 align_center valign_top\"><h1 class=\"w-post-elm post_title usg_post_title_1 has_text_color align_left entry-title color_link_inherit\"><a href=\"https:\/\/plantpaisajismo.cl\/index.php\/paisajismo-en-nunoa\/\">Paisajismo en \u00d1u\u00f1oa<\/a><\/h1><div class=\"w-post-elm post_content usg_post_content_1\">\u00bfQu\u00e9 tipo de plantas y materiales se suelen utilizar en un proyecto de paisajismo sostenible? El paisajismo sostenible en \u00d1u\u00f1oa se ha convertido en una prioridad para muchos propietarios y&hellip;<\/div><a class=\"w-btn us-btn-style_1 usg_btn_1\" href=\"https:\/\/plantpaisajismo.cl\/index.php\/paisajismo-en-nunoa\/\"><span class=\"w-btn-label\">Leer m\u00e1s<\/span><\/a><\/div>\t\t<\/div>\r\n\t\t\t<\/article>\r\n\t<article class=\"w-grid-item size_1x1 post-11283 post type-post status-publish format-standard has-post-thumbnail hentry category-tips\" data-id=\"11283\">\r\n\t\t<div class=\"w-grid-item-h\">\r\n\t\t\t\t\t\t<div class=\"w-vwrapper usg_vwrapper_1 align_center valign_top\"><h1 class=\"w-post-elm post_title usg_post_title_1 has_text_color align_left entry-title color_link_inherit\"><a href=\"https:\/\/plantpaisajismo.cl\/index.php\/paisajismo-en-la-reina\/\">Paisajismo en La Reina<\/a><\/h1><div class=\"w-post-elm post_content usg_post_content_1\">\u00bfCu\u00e1les son las \u00faltimas tendencias en proyectos de paisajismo para \u00e1reas urbanas y residenciales? El paisajismo en La Reina ha evolucionado significativamente, integrando nuevas tendencias que reflejan un enfoque sostenible&hellip;<\/div><a class=\"w-btn us-btn-style_1 usg_btn_1\" href=\"https:\/\/plantpaisajismo.cl\/index.php\/paisajismo-en-la-reina\/\"><span class=\"w-btn-label\">Leer m\u00e1s<\/span><\/a><\/div>\t\t<\/div>\r\n\t\t\t<\/article>\r\n\t<article class=\"w-grid-item size_1x1 post-11281 post type-post status-publish format-standard has-post-thumbnail hentry category-tips\" data-id=\"11281\">\r\n\t\t<div class=\"w-grid-item-h\">\r\n\t\t\t\t\t\t<div class=\"w-vwrapper usg_vwrapper_1 align_center valign_top\"><h1 class=\"w-post-elm post_title usg_post_title_1 has_text_color align_left entry-title color_link_inherit\"><a href=\"https:\/\/plantpaisajismo.cl\/index.php\/paisajismo-en-penalolen\/\">Paisajismo en Pe\u00f1alol\u00e9n<\/a><\/h1><div class=\"w-post-elm post_content usg_post_content_1\">\u00bfCu\u00e1les son los elementos esenciales en un proyecto de paisajismo exitoso? Un proyecto de paisajismo exitoso en Pe\u00f1alol\u00e9n combina varios elementos clave que aseguran tanto la est\u00e9tica como la funcionalidad&hellip;<\/div><a class=\"w-btn us-btn-style_1 usg_btn_1\" href=\"https:\/\/plantpaisajismo.cl\/index.php\/paisajismo-en-penalolen\/\"><span class=\"w-btn-label\">Leer m\u00e1s<\/span><\/a><\/div>\t\t<\/div>\r\n\t\t\t<\/article>\r\n\t<article class=\"w-grid-item size_1x1 post-11279 post type-post status-publish format-standard has-post-thumbnail hentry category-tips\" data-id=\"11279\">\r\n\t\t<div class=\"w-grid-item-h\">\r\n\t\t\t\t\t\t<div class=\"w-vwrapper usg_vwrapper_1 align_center valign_top\"><h1 class=\"w-post-elm post_title usg_post_title_1 has_text_color align_left entry-title color_link_inherit\"><a href=\"https:\/\/plantpaisajismo.cl\/index.php\/paisajismo-en-chicureo\/\">Paisajismo en Chicureo<\/a><\/h1><div class=\"w-post-elm post_content usg_post_content_1\">\u00bfQu\u00e9 beneficios tiene contratar un servicio de paisajismo profesional? Contratar un servicio de paisajismo profesional en Chicureo puede transformar significativamente su jard\u00edn o espacio exterior. Aqu\u00ed se detallan algunos beneficios&hellip;<\/div><a class=\"w-btn us-btn-style_1 usg_btn_1\" href=\"https:\/\/plantpaisajismo.cl\/index.php\/paisajismo-en-chicureo\/\"><span class=\"w-btn-label\">Leer m\u00e1s<\/span><\/a><\/div>\t\t<\/div>\r\n\t\t\t<\/article>\r\n\t<article class=\"w-grid-item size_1x1 post-11277 post type-post status-publish format-standard has-post-thumbnail hentry category-tips\" data-id=\"11277\">\r\n\t\t<div class=\"w-grid-item-h\">\r\n\t\t\t\t\t\t<div class=\"w-vwrapper usg_vwrapper_1 align_center valign_top\"><h1 class=\"w-post-elm post_title usg_post_title_1 has_text_color align_left entry-title color_link_inherit\"><a href=\"https:\/\/plantpaisajismo.cl\/index.php\/paisajismo-en-colina\/\">Paisajismo en Colina<\/a><\/h1><div class=\"w-post-elm post_content usg_post_content_1\">\u00bfQu\u00e9 tipo de mantenimiento se requiere despu\u00e9s de un trabajo de paisajismo? Despu\u00e9s de un trabajo de paisajismo en Colina, es fundamental establecer un plan de mantenimiento adecuado para asegurar&hellip;<\/div><a class=\"w-btn us-btn-style_1 usg_btn_1\" href=\"https:\/\/plantpaisajismo.cl\/index.php\/paisajismo-en-colina\/\"><span class=\"w-btn-label\">Leer m\u00e1s<\/span><\/a><\/div>\t\t<\/div>\r\n\t\t\t<\/article>\r\n\t<article class=\"w-grid-item size_1x1 post-11275 post type-post status-publish format-standard has-post-thumbnail hentry category-tips\" data-id=\"11275\">\r\n\t\t<div class=\"w-grid-item-h\">\r\n\t\t\t\t\t\t<div class=\"w-vwrapper usg_vwrapper_1 align_center valign_top\"><h1 class=\"w-post-elm post_title usg_post_title_1 has_text_color align_left entry-title color_link_inherit\"><a href=\"https:\/\/plantpaisajismo.cl\/index.php\/paisajismo-en-la-dehesa\/\">Paisajismo en La Dehesa<\/a><\/h1><div class=\"w-post-elm post_content usg_post_content_1\">\u00bfQu\u00e9 incluye un servicio de paisajismo completo? Un servicio de paisajismo completo en La Dehesa abarca una serie de procesos y actividades dise\u00f1adas para transformar y mantener espacios exteriores e&hellip;<\/div><a class=\"w-btn us-btn-style_1 usg_btn_1\" href=\"https:\/\/plantpaisajismo.cl\/index.php\/paisajismo-en-la-dehesa\/\"><span class=\"w-btn-label\">Leer m\u00e1s<\/span><\/a><\/div>\t\t<\/div>\r\n\t\t\t<\/article>\r\n<\/div><div class=\"w-grid-preloader\">\t<div class=\"g-preloader type_1\">\r\n\t\t<div><\/div>\r\n\t<\/div>\r\n\t<\/div>\t\t\t<div class=\"g-loadmore \">\r\n\t\t\t\t<div class=\"g-preloader type_1\">\r\n\t\t\t\t\t<div><\/div>\r\n\t\t\t\t<\/div>\r\n\t\t\t\t<button class=\"w-btn us-btn-style_1\">\r\n\t\t\t\t\t<span class=\"w-btn-label\">Cargar m\u00e1s<\/span>\r\n\t\t\t\t<\/button>\r\n\t\t\t<\/div>\r\n\t\t\t\t<div class=\"w-grid-json hidden\" onclick='return {&quot;action&quot;:&quot;us_ajax_grid&quot;,&quot;infinite_scroll&quot;:0,&quot;max_num_pages&quot;:4,&quot;pagination&quot;:&quot;ajax&quot;,&quot;template_vars&quot;:{&quot;columns&quot;:&quot;3&quot;,&quot;exclude_items&quot;:&quot;none&quot;,&quot;img_size&quot;:&quot;default&quot;,&quot;ignore_items_size&quot;:0,&quot;items_layout&quot;:&quot;11156&quot;,&quot;items_offset&quot;:&quot;1&quot;,&quot;load_animation&quot;:&quot;none&quot;,&quot;overriding_link&quot;:&quot;%7B%22url%22%3A%22%22%7D&quot;,&quot;post_id&quot;:0,&quot;query_args&quot;:{&quot;post_type&quot;:[&quot;post&quot;],&quot;tax_query&quot;:[{&quot;taxonomy&quot;:&quot;category&quot;,&quot;field&quot;:&quot;slug&quot;,&quot;terms&quot;:[&quot;la-serena&quot;,&quot;santiago&quot;,&quot;tips&quot;]}],&quot;post_status&quot;:[&quot;publish&quot;,&quot;acf-disabled&quot;],&quot;posts_per_page&quot;:&quot;12&quot;},&quot;orderby_query_args&quot;:{&quot;orderby&quot;:{&quot;date&quot;:&quot;DESC&quot;}},&quot;type&quot;:&quot;grid&quot;,&quot;us_grid_post_type&quot;:&quot;post&quot;,&quot;us_grid_ajax_index&quot;:1,&quot;us_grid_filter_query_string&quot;:null,&quot;us_grid_index&quot;:1,&quot;page_args&quot;:[]}}'><\/div>\r\n\t<\/div><\/div><\/div><\/div><\/div><\/div><\/section>\n","protected":false},"excerpt":{"rendered":"\u00bfQu\u00e9 incluye un servicio de paisajismo completo? Un servicio de paisajismo completo en La Dehesa abarca una serie de procesos y actividades dise\u00f1adas para transformar y mantener espacios exteriores e interiores de manera efectiva y est\u00e9tica. Estos servicios est\u00e1n pensados para crear jardines funcionales y visualmente atractivos, adaptados a las necesidades y preferencias del cliente....","protected":false},"author":3,"featured_media":0,"parent":0,"menu_order":0,"comment_status":"closed","ping_status":"closed","template":"","meta":{"footnotes":""},"class_list":["post-10455","page","type-page","status-publish","hentry"],"acf":[],"_links":{"self":[{"href":"https:\/\/plantpaisajismo.cl\/index.php\/wp-json\/wp\/v2\/pages\/10455","targetHints":{"allow":["GET"]}}],"collection":[{"href":"https:\/\/plantpaisajismo.cl\/index.php\/wp-json\/wp\/v2\/pages"}],"about":[{"href":"https:\/\/plantpaisajismo.cl\/index.php\/wp-json\/wp\/v2\/types\/page"}],"author":[{"embeddable":true,"href":"https:\/\/plantpaisajismo.cl\/index.php\/wp-json\/wp\/v2\/users\/3"}],"replies":[{"embeddable":true,"href":"https:\/\/plantpaisajismo.cl\/index.php\/wp-json\/wp\/v2\/comments?post=10455"}],"version-history":[{"count":4,"href":"https:\/\/plantpaisajismo.cl\/index.php\/wp-json\/wp\/v2\/pages\/10455\/revisions"}],"predecessor-version":[{"id":11605,"href":"https:\/\/plantpaisajismo.cl\/index.php\/wp-json\/wp\/v2\/pages\/10455\/revisions\/11605"}],"wp:attachment":[{"href":"https:\/\/plantpaisajismo.cl\/index.php\/wp-json\/wp\/v2\/media?parent=10455"}],"curies":[{"name":"wp","href":"https:\/\/api.w.org\/{rel}","templated":true}]}}